{"id":19,"date":"2016-10-25T07:52:44","date_gmt":"2016-10-25T07:52:44","guid":{"rendered":"https:\/\/www.katranciparkhotel.com\/yeme-icme\/"},"modified":"2025-02-05T14:22:18","modified_gmt":"2025-02-05T14:22:18","slug":"yeme-icme","status":"publish","type":"page","link":"https:\/\/www.katranciparkhotel.com\/en\/yeme-icme\/","title":{"rendered":"FOOD &amp; BEVERAGE"},"content":{"rendered":"<div data-elementor-type=\"wp-page\" data-elementor-id=\"19\" class=\"elementor elementor-19\">\n\t\t\t\t<div class=\"elementor-element elementor-element-6f42d65d e-flex e-con-boxed e-con e-parent\" data-id=\"6f42d65d\" data-element_type=\"container\">\n\t\t\t\t\t<div class=\"e-con-inner\">\n\t\t\t\t<div class=\"elementor-element elementor-element-3fb423e1 elementor-widget elementor-widget-text-editor\" data-id=\"3fb423e1\" data-element_type=\"widget\" data-widget_type=\"text-editor.default\">\n\t\t\t\t<div class=\"elementor-widget-container\">\n\t\t\t\t\t\t\t\t\t<p><strong>FOOD SERVICES<\/strong><\/p><p>Our buffet offers you a very good selection of delicious, freshly cooked meals from Turkish and International cuisine in the main restaurant. We use halal certificated products which choosen carefully by our kitchen team.<\/p><p>+ 07.30 \u2014 10.00 Breakfast<br \/>+ 10.00 \u2014 10.30 Late Breakfast<br \/>+ 13.00 \u2014 17.00 Snack Service ( Ladies Pool Cafe )<br \/>+ 14.00 \u2014 17.00 Snack Service ( Common Pool Area )<br \/>+ 14.00 \u2014 17.00 Snack Service ( Common Pool Area )\n+ 12.30 \u2014 14.00 Lunch<br \/>+ 15.00 \u2014 17.00 Ice Cream<br \/>+ 17.00 \u2014 18.00 Tea &amp; Cookies ( Ladies Pool Cafe )<br \/>+ 17.00 \u2014 18.00 Tea &amp; Cookies ( Common Pool Area )<br \/>+ 19.00 \u2014 21.00 Dinner<\/p><p><b>BEVERAGE SERVICES<br \/><\/b>+ 10.00 \u2014 24.00 Beverages ( Common Pool Area )<br \/>+ 10.00 \u2014 18.00 Beverages ( Ladies Pool Cafe )<br \/>On buffet meal times hot and cold beverage service is made at our Service Bar in the Main Restaurant<\/p>\t\t\t\t\t\t\t\t<\/div>\n\t\t\t\t<\/div>\n\t\t\t\t<div class=\"elementor-element elementor-element-3d3551c elementor-widget elementor-widget-image-gallery\" data-id=\"3d3551c\" data-element_type=\"widget\" data-widget_type=\"image-gallery.default\">\n\t\t\t\t<div class=\"elementor-widget-container\">\n\t\t\t\t\t\t\t<div class=\"elementor-image-gallery\">\n\t\t\t<div id='gallery-1' class='gallery galleryid-19 gallery-columns-6 gallery-size-thumbnail'><figure class='gallery-item'>\n\t\t\t<div class='gallery-icon landscape'>\n\t\t\t\t<a data-elementor-open-lightbox=\"yes\" data-elementor-lightbox-slideshow=\"3d3551c\" data-elementor-lightbox-title=\"Yeme \u2013 \u0130\u00e7me 02\" data-e-action-hash=\"#elementor-action%3Aaction%3Dlightbox%26settings%3DeyJpZCI6MjUyNywidXJsIjoiaHR0cHM6XC9cL3d3dy5rYXRyYW5jaXBhcmtob3RlbC5jb21cL3dwLWNvbnRlbnRcL3VwbG9hZHNcLzIwMjVcLzAyXC9rYXRyYW5jaS1wYXJrLWhvdGVsXzAwMDJfSU1HXzEzMTguanBnIiwic2xpZGVzaG93IjoiM2QzNTUxYyJ9\" href='https:\/\/www.katranciparkhotel.com\/wp-content\/uploads\/2025\/02\/katranci-park-hotel_0002_IMG_1318.jpg'><img decoding=\"async\" width=\"150\" height=\"150\" src=\"https:\/\/www.katranciparkhotel.com\/wp-content\/uploads\/2025\/02\/katranci-park-hotel_0002_IMG_1318-150x150.jpg\" class=\"attachment-thumbnail size-thumbnail\" alt=\"\" \/><\/a>\n\t\t\t<\/div><\/figure><figure class='gallery-item'>\n\t\t\t<div class='gallery-icon portrait'>\n\t\t\t\t<a data-elementor-open-lightbox=\"yes\" data-elementor-lightbox-slideshow=\"3d3551c\" data-elementor-lightbox-title=\"Yeme \u2013 \u0130\u00e7me 04\" data-e-action-hash=\"#elementor-action%3Aaction%3Dlightbox%26settings%3DeyJpZCI6MjUyNiwidXJsIjoiaHR0cHM6XC9cL3d3dy5rYXRyYW5jaXBhcmtob3RlbC5jb21cL3dwLWNvbnRlbnRcL3VwbG9hZHNcLzIwMjVcLzAyXC9rYXRyYW5jaS1wYXJrLWhvdGVsXzAwMDJfQmFja2dyb3VuZC5qcGciLCJzbGlkZXNob3ciOiIzZDM1NTFjIn0%3D\" href='https:\/\/www.katranciparkhotel.com\/wp-content\/uploads\/2025\/02\/katranci-park-hotel_0002_Background.jpg'><img decoding=\"async\" width=\"150\" height=\"150\" src=\"https:\/\/www.katranciparkhotel.com\/wp-content\/uploads\/2025\/02\/katranci-park-hotel_0002_Background-150x150.jpg\" class=\"attachment-thumbnail size-thumbnail\" alt=\"\" \/><\/a>\n\t\t\t<\/div><\/figure><figure class='gallery-item'>\n\t\t\t<div class='gallery-icon landscape'>\n\t\t\t\t<a data-elementor-open-lightbox=\"yes\" data-elementor-lightbox-slideshow=\"3d3551c\" data-elementor-lightbox-title=\"Yeme \u2013 \u0130\u00e7me 03\" data-e-action-hash=\"#elementor-action%3Aaction%3Dlightbox%26settings%3DeyJpZCI6MjUyNSwidXJsIjoiaHR0cHM6XC9cL3d3dy5rYXRyYW5jaXBhcmtob3RlbC5jb21cL3dwLWNvbnRlbnRcL3VwbG9hZHNcLzIwMjVcLzAyXC9rYXRyYW5jaS1wYXJrLWhvdGVsXzAwMDFfSU1HXzQyNjcuanBnIiwic2xpZGVzaG93IjoiM2QzNTUxYyJ9\" href='https:\/\/www.katranciparkhotel.com\/wp-content\/uploads\/2025\/02\/katranci-park-hotel_0001_IMG_4267.jpg'><img decoding=\"async\" width=\"150\" height=\"150\" src=\"https:\/\/www.katranciparkhotel.com\/wp-content\/uploads\/2025\/02\/katranci-park-hotel_0001_IMG_4267-150x150.jpg\" class=\"attachment-thumbnail size-thumbnail\" alt=\"\" \/><\/a>\n\t\t\t<\/div><\/figure><figure class='gallery-item'>\n\t\t\t<div class='gallery-icon portrait'>\n\t\t\t\t<a data-elementor-open-lightbox=\"yes\" data-elementor-lightbox-slideshow=\"3d3551c\" data-elementor-lightbox-title=\"Yeme \u2013 \u0130\u00e7me 05\" data-e-action-hash=\"#elementor-action%3Aaction%3Dlightbox%26settings%3DeyJpZCI6MjUyNCwidXJsIjoiaHR0cHM6XC9cL3d3dy5rYXRyYW5jaXBhcmtob3RlbC5jb21cL3dwLWNvbnRlbnRcL3VwbG9hZHNcLzIwMjVcLzAyXC9rYXRyYW5jaS1wYXJrLWhvdGVsXzAwMDFfSU1HXzEyOTYuanBnIiwic2xpZGVzaG93IjoiM2QzNTUxYyJ9\" href='https:\/\/www.katranciparkhotel.com\/wp-content\/uploads\/2025\/02\/katranci-park-hotel_0001_IMG_1296.jpg'><img loading=\"lazy\" decoding=\"async\" width=\"150\" height=\"150\" src=\"https:\/\/www.katranciparkhotel.com\/wp-content\/uploads\/2025\/02\/katranci-park-hotel_0001_IMG_1296-150x150.jpg\" class=\"attachment-thumbnail size-thumbnail\" alt=\"\" \/><\/a>\n\t\t\t<\/div><\/figure><figure class='gallery-item'>\n\t\t\t<div class='gallery-icon landscape'>\n\t\t\t\t<a data-elementor-open-lightbox=\"yes\" data-elementor-lightbox-slideshow=\"3d3551c\" data-elementor-lightbox-title=\"Yeme \u2013 \u0130\u00e7me 01\" data-e-action-hash=\"#elementor-action%3Aaction%3Dlightbox%26settings%3DeyJpZCI6MjUyMywidXJsIjoiaHR0cHM6XC9cL3d3dy5rYXRyYW5jaXBhcmtob3RlbC5jb21cL3dwLWNvbnRlbnRcL3VwbG9hZHNcLzIwMjVcLzAyXC9rYXRyYW5jaS1wYXJrLWhvdGVsXzAwMDBfSU1HXzQ5ODIuanBnIiwic2xpZGVzaG93IjoiM2QzNTUxYyJ9\" href='https:\/\/www.katranciparkhotel.com\/wp-content\/uploads\/2025\/02\/katranci-park-hotel_0000_IMG_4982.jpg'><img loading=\"lazy\" decoding=\"async\" width=\"150\" height=\"150\" src=\"https:\/\/www.katranciparkhotel.com\/wp-content\/uploads\/2025\/02\/katranci-park-hotel_0000_IMG_4982-150x150.jpg\" class=\"attachment-thumbnail size-thumbnail\" alt=\"\" \/><\/a>\n\t\t\t<\/div><\/figure><figure class='gallery-item'>\n\t\t\t<div class='gallery-icon portrait'>\n\t\t\t\t<a data-elementor-open-lightbox=\"yes\" data-elementor-lightbox-slideshow=\"3d3551c\" data-elementor-lightbox-title=\"Yeme \u2013 \u0130\u00e7me 06\" data-e-action-hash=\"#elementor-action%3Aaction%3Dlightbox%26settings%3DeyJpZCI6MjUyMiwidXJsIjoiaHR0cHM6XC9cL3d3dy5rYXRyYW5jaXBhcmtob3RlbC5jb21cL3dwLWNvbnRlbnRcL3VwbG9hZHNcLzIwMjVcLzAyXC9rYXRyYW5jaS1wYXJrLWhvdGVsXzAwMDBfSU1HXzEzMTQuanBnIiwic2xpZGVzaG93IjoiM2QzNTUxYyJ9\" href='https:\/\/www.katranciparkhotel.com\/wp-content\/uploads\/2025\/02\/katranci-park-hotel_0000_IMG_1314.jpg'><img loading=\"lazy\" decoding=\"async\" width=\"150\" height=\"150\" src=\"https:\/\/www.katranciparkhotel.com\/wp-content\/uploads\/2025\/02\/katranci-park-hotel_0000_IMG_1314-150x150.jpg\" class=\"attachment-thumbnail size-thumbnail\" alt=\"\" \/><\/a>\n\t\t\t<\/div><\/figure>\n\t\t<\/div>\n\t\t<\/div>\n\t\t\t\t\t\t<\/div>\n\t\t\t\t<\/div>\n\t\t\t\t\t<\/div>\n\t\t\t\t<\/div>\n\t\t\t\t<\/div>","protected":false},"excerpt":{"rendered":"<p>Y\u0130YECEK H\u0130ZMETLER\u0130 Tamam\u0131 \u00f6zenle se\u00e7ilmi\u015f helal \u00fcr\u00fcnler al\u0131narak haz\u0131rlanan T\u00fcrk ve d\u00fcnya mutfa\u011f\u0131n\u0131n e\u015fsiz lezzetlerini bulaca\u011f\u0131n\u0131z tesisimizde; + 07.30 \u2014 10.00 A\u00e7\u0131k B\u00fcfe Kahvalt\u0131+ 10.00 \u2014 10.30 Ge\u00e7 Kahvalt\u0131+ 13.00 \u2014 17.00 Snack Servis (Bayan Havuz)+ 14.00 \u2014 17.00 Snack Servis (Ortak Havuz)+ 12.30 \u2014 14.00 \u00d6\u011fle Yeme\u011fi+ 15.00 \u2014 17.00 A\u00e7\u0131k Dondurma+ 17.00 \u2014 [&hellip;]<\/p>","protected":false},"author":1,"featured_media":0,"parent":0,"menu_order":0,"comment_status":"closed","ping_status":"closed","template":"","meta":{"site-sidebar-layout":"default","site-content-layout":"","ast-site-content-layout":"default","site-content-style":"default","site-sidebar-style":"default","ast-global-header-display":"","ast-banner-title-visibility":"","ast-main-header-display":"","ast-hfb-above-header-display":"","ast-hfb-below-header-display":"","ast-hfb-mobile-header-display":"","site-post-title":"","ast-breadcrumbs-content":"","ast-featured-img":"","footer-sml-layout":"","theme-transparent-header-meta":"","adv-header-id-meta":"","stick-header-meta":"","header-above-stick-meta":"","header-main-stick-meta":"","header-below-stick-meta":"","astra-migrate-meta-layouts":"set","ast-page-background-enabled":"default","ast-page-background-meta":{"desktop":{"background-color":"","background-image":"","background-repeat":"repeat","background-position":"center center","background-size":"auto","background-attachment":"scroll","background-type":"","background-media":"","overlay-type":"","overlay-color":"","overlay-opacity":"","overlay-gradient":""},"tablet":{"background-color":"","background-image":"","background-repeat":"repeat","background-position":"center center","background-size":"auto","background-attachment":"scroll","background-type":"","background-media":"","overlay-type":"","overlay-color":"","overlay-opacity":"","overlay-gradient":""},"mobile":{"background-color":"","background-image":"","background-repeat":"repeat","background-position":"center center","background-size":"auto","background-attachment":"scroll","background-type":"","background-media":"","overlay-type":"","overlay-color":"","overlay-opacity":"","overlay-gradient":""}},"ast-content-background-meta":{"desktop":{"background-color":"var(--ast-global-color-5)","background-image":"","background-repeat":"repeat","background-position":"center center","background-size":"auto","background-attachment":"scroll","background-type":"","background-media":"","overlay-type":"","overlay-color":"","overlay-opacity":"","overlay-gradient":""},"tablet":{"background-color":"var(--ast-global-color-5)","background-image":"","background-repeat":"repeat","background-position":"center center","background-size":"auto","background-attachment":"scroll","background-type":"","background-media":"","overlay-type":"","overlay-color":"","overlay-opacity":"","overlay-gradient":""},"mobile":{"background-color":"var(--ast-global-color-5)","background-image":"","background-repeat":"repeat","background-position":"center center","background-size":"auto","background-attachment":"scroll","background-type":"","background-media":"","overlay-type":"","overlay-color":"","overlay-opacity":"","overlay-gradient":""}},"footnotes":""},"class_list":["post-19","page","type-page","status-publish","hentry"],"_links":{"self":[{"href":"https:\/\/www.katranciparkhotel.com\/en\/wp-json\/wp\/v2\/pages\/19","targetHints":{"allow":["GET"]}}],"collection":[{"href":"https:\/\/www.katranciparkhotel.com\/en\/wp-json\/wp\/v2\/pages"}],"about":[{"href":"https:\/\/www.katranciparkhotel.com\/en\/wp-json\/wp\/v2\/types\/page"}],"author":[{"embeddable":true,"href":"https:\/\/www.katranciparkhotel.com\/en\/wp-json\/wp\/v2\/users\/1"}],"replies":[{"embeddable":true,"href":"https:\/\/www.katranciparkhotel.com\/en\/wp-json\/wp\/v2\/comments?post=19"}],"version-history":[{"count":4,"href":"https:\/\/www.katranciparkhotel.com\/en\/wp-json\/wp\/v2\/pages\/19\/revisions"}],"predecessor-version":[{"id":2651,"href":"https:\/\/www.katranciparkhotel.com\/en\/wp-json\/wp\/v2\/pages\/19\/revisions\/2651"}],"wp:attachment":[{"href":"https:\/\/www.katranciparkhotel.com\/en\/wp-json\/wp\/v2\/media?parent=19"}],"curies":[{"name":"wp","href":"https:\/\/api.w.org\/{rel}","templated":true}]}}