{"id":2665,"date":"2025-02-10T10:05:34","date_gmt":"2025-02-10T10:05:34","guid":{"rendered":"https:\/\/www.katranciparkhotel.com\/?page_id=2665"},"modified":"2025-03-11T06:12:37","modified_gmt":"2025-03-11T06:12:37","slug":"hakkimizda","status":"publish","type":"page","link":"https:\/\/www.katranciparkhotel.com\/en\/hakkimizda\/","title":{"rendered":"About Us"},"content":{"rendered":"<div data-elementor-type=\"wp-page\" data-elementor-id=\"2665\" class=\"elementor elementor-2665\">\n\t\t\t\t<div class=\"elementor-element elementor-element-7ef8b74c e-grid e-con-boxed e-con e-parent\" data-id=\"7ef8b74c\" data-element_type=\"container\">\n\t\t\t\t\t<div class=\"e-con-inner\">\n\t\t\t\t<div class=\"elementor-element elementor-element-83bf54b elementor-widget elementor-widget-image\" data-id=\"83bf54b\" data-element_type=\"widget\" data-widget_type=\"image.default\">\n\t\t\t\t<div class=\"elementor-widget-container\">\n\t\t\t\t\t\t\t\t\t\t\t\t\t\t\t<img fetchpriority=\"high\" decoding=\"async\" width=\"1024\" height=\"682\" src=\"https:\/\/www.katranciparkhotel.com\/wp-content\/uploads\/2025\/02\/0d91ee0844cf23160d8a6e97ccd70d5a.jpg\" class=\"attachment-large size-large wp-image-2563\" alt=\"\" srcset=\"https:\/\/www.katranciparkhotel.com\/wp-content\/uploads\/2025\/02\/0d91ee0844cf23160d8a6e97ccd70d5a.jpg 1024w, https:\/\/www.katranciparkhotel.com\/wp-content\/uploads\/2025\/02\/0d91ee0844cf23160d8a6e97ccd70d5a-300x200.jpg 300w, https:\/\/www.katranciparkhotel.com\/wp-content\/uploads\/2025\/02\/0d91ee0844cf23160d8a6e97ccd70d5a-768x512.jpg 768w\" sizes=\"(max-width: 1024px) 100vw, 1024px\" \/>\t\t\t\t\t\t\t\t\t\t\t\t\t\t\t<\/div>\n\t\t\t\t<\/div>\n\t\t\t\t<div class=\"elementor-element elementor-element-5f871934 elementor-widget elementor-widget-text-editor\" data-id=\"5f871934\" data-element_type=\"widget\" data-widget_type=\"text-editor.default\">\n\t\t\t\t<div class=\"elementor-widget-container\">\n\t\t\t\t\t\t\t\t\t\n<p style=\"text-align: justify;\">Katranc\u0131 Park Hotel is located in Yan\u0131klar, Fethiye, on a large area with every shade of green.<\/p>\n\n<p style=\"text-align: justify;\">Our hotel, which was opened in 2007, has been serving with the Alcohol-Free Family Hotel concept since 2016 in order to ensure that guests who prefer conservative hotels have a peaceful holiday.\u00a0<\/p>\n\n<p style=\"text-align: justify;\">Our Non-Alcoholic All-Inclusive concept is built on providing simple yet high-quality service.<\/p>\n\t\t\t\t\t\t\t\t<\/div>\n\t\t\t\t<\/div>\n\t\t\t\t\t<\/div>\n\t\t\t\t<\/div>\n\t\t<div class=\"elementor-element elementor-element-1b6e06b e-grid e-con-boxed e-con e-parent\" data-id=\"1b6e06b\" data-element_type=\"container\">\n\t\t\t\t\t<div class=\"e-con-inner\">\n\t\t\t\t<div class=\"elementor-element elementor-element-cb31ac9 elementor-widget elementor-widget-image\" data-id=\"cb31ac9\" data-element_type=\"widget\" data-widget_type=\"image.default\">\n\t\t\t\t<div class=\"elementor-widget-container\">\n\t\t\t\t\t\t\t\t\t\t\t\t\t\t\t<img decoding=\"async\" width=\"600\" height=\"400\" src=\"https:\/\/www.katranciparkhotel.com\/wp-content\/uploads\/2025\/02\/0009_360cfdb695dc15aac6925f88ca2b5896.jpg\" class=\"attachment-large size-large wp-image-2506\" alt=\"\" srcset=\"https:\/\/www.katranciparkhotel.com\/wp-content\/uploads\/2025\/02\/0009_360cfdb695dc15aac6925f88ca2b5896.jpg 600w, https:\/\/www.katranciparkhotel.com\/wp-content\/uploads\/2025\/02\/0009_360cfdb695dc15aac6925f88ca2b5896-300x200.jpg 300w\" sizes=\"(max-width: 600px) 100vw, 600px\" \/>\t\t\t\t\t\t\t\t\t\t\t\t\t\t\t<\/div>\n\t\t\t\t<\/div>\n\t\t\t\t<div class=\"elementor-element elementor-element-38fd35d elementor-widget elementor-widget-text-editor\" data-id=\"38fd35d\" data-element_type=\"widget\" data-widget_type=\"text-editor.default\">\n\t\t\t\t<div class=\"elementor-widget-container\">\n\t\t\t\t\t\t\t\t\t<p style=\"text-align: justify;\">The room blocks are designed in the traditional Mu\u011fla architectural style. The hotel has two swimming pools and its own beach, located 350 meters away. One of the pools is a women-only pool, which is 125 m\u00b2 in size, open to the sky, and fully enclosed. The other pool, a shared one, is 310 m\u00b2 in size. There are rules regarding appropriate swimwear in the common swimming areas, in line with our concept.<\/p>\n<p><!-- \/wp:paragraph --><!-- wp:paragraph --><\/p>\n<p style=\"text-align: justify;\">The hotel is 42 km from Dalaman Airport and 17 km from the city center of Fethiye, with minibuses running every 10 minutes from the front of the hotel to the city center. Check-ins are available from 3:00 PM, while check-out is by 11:00 AM. Late check-outs are subject to availability and may incur additional fees.<\/p>\n<p><!-- \/wp:paragraph --><!-- wp:paragraph --><\/p>\n<p style=\"text-align: justify;\">Katranc\u0131 Park Hotel offers a serene retreat, especially suited for families who adhere to a conservative holiday approach.<\/p>\t\t\t\t\t\t\t\t<\/div>\n\t\t\t\t<\/div>\n\t\t\t\t\t<\/div>\n\t\t\t\t<\/div>\n\t\t\t\t<\/div>","protected":false},"excerpt":{"rendered":"<p>Katranc\u0131 Park Otel, Fethiye\u2019nin Yan\u0131klar mevkiinde, ye\u015filin her tonunu bar\u0131nd\u0131ran geni\u015f bir alan \u00fczerine kurulmu\u015ftur. 2007 y\u0131l\u0131nda hizmete a\u00e7\u0131lan otelimiz 2016\u2019dan bu yana muhafazakar otel tercih eden misafirlerin huzurlu bir tatil ge\u00e7irmelerini sa\u011flamak amac\u0131 ile Alkols\u00fcz Aile Oteli konseptinde hizmet vermektedir.\u00a0 Alkols\u00fcz Her \u015fey dahil konseptimizi sade ve y\u00fcksek kaliteli hizmet vermek prensipleri \u00fczerine olu\u015fturduk. [&hellip;]<\/p>","protected":false},"author":1,"featured_media":0,"parent":0,"menu_order":0,"comment_status":"closed","ping_status":"closed","template":"","meta":{"site-sidebar-layout":"default","site-content-layout":"","ast-site-content-layout":"default","site-content-style":"default","site-sidebar-style":"default","ast-global-header-display":"","ast-banner-title-visibility":"","ast-main-header-display":"","ast-hfb-above-header-display":"","ast-hfb-below-header-display":"","ast-hfb-mobile-header-display":"","site-post-title":"","ast-breadcrumbs-content":"","ast-featured-img":"","footer-sml-layout":"","theme-transparent-header-meta":"","adv-header-id-meta":"","stick-header-meta":"","header-above-stick-meta":"","header-main-stick-meta":"","header-below-stick-meta":"","astra-migrate-meta-layouts":"set","ast-page-background-enabled":"default","ast-page-background-meta":{"desktop":{"background-color":"","background-image":"","background-repeat":"repeat","background-position":"center center","background-size":"auto","background-attachment":"scroll","background-type":"","background-media":"","overlay-type":"","overlay-color":"","overlay-opacity":"","overlay-gradient":""},"tablet":{"background-color":"","background-image":"","background-repeat":"repeat","background-position":"center center","background-size":"auto","background-attachment":"scroll","background-type":"","background-media":"","overlay-type":"","overlay-color":"","overlay-opacity":"","overlay-gradient":""},"mobile":{"background-color":"","background-image":"","background-repeat":"repeat","background-position":"center center","background-size":"auto","background-attachment":"scroll","background-type":"","background-media":"","overlay-type":"","overlay-color":"","overlay-opacity":"","overlay-gradient":""}},"ast-content-background-meta":{"desktop":{"background-color":"var(--ast-global-color-5)","background-image":"","background-repeat":"repeat","background-position":"center center","background-size":"auto","background-attachment":"scroll","background-type":"","background-media":"","overlay-type":"","overlay-color":"","overlay-opacity":"","overlay-gradient":""},"tablet":{"background-color":"var(--ast-global-color-5)","background-image":"","background-repeat":"repeat","background-position":"center center","background-size":"auto","background-attachment":"scroll","background-type":"","background-media":"","overlay-type":"","overlay-color":"","overlay-opacity":"","overlay-gradient":""},"mobile":{"background-color":"var(--ast-global-color-5)","background-image":"","background-repeat":"repeat","background-position":"center center","background-size":"auto","background-attachment":"scroll","background-type":"","background-media":"","overlay-type":"","overlay-color":"","overlay-opacity":"","overlay-gradient":""}},"footnotes":""},"class_list":["post-2665","page","type-page","status-publish","hentry"],"_links":{"self":[{"href":"https:\/\/www.katranciparkhotel.com\/en\/wp-json\/wp\/v2\/pages\/2665","targetHints":{"allow":["GET"]}}],"collection":[{"href":"https:\/\/www.katranciparkhotel.com\/en\/wp-json\/wp\/v2\/pages"}],"about":[{"href":"https:\/\/www.katranciparkhotel.com\/en\/wp-json\/wp\/v2\/types\/page"}],"author":[{"embeddable":true,"href":"https:\/\/www.katranciparkhotel.com\/en\/wp-json\/wp\/v2\/users\/1"}],"replies":[{"embeddable":true,"href":"https:\/\/www.katranciparkhotel.com\/en\/wp-json\/wp\/v2\/comments?post=2665"}],"version-history":[{"count":17,"href":"https:\/\/www.katranciparkhotel.com\/en\/wp-json\/wp\/v2\/pages\/2665\/revisions"}],"predecessor-version":[{"id":2740,"href":"https:\/\/www.katranciparkhotel.com\/en\/wp-json\/wp\/v2\/pages\/2665\/revisions\/2740"}],"wp:attachment":[{"href":"https:\/\/www.katranciparkhotel.com\/en\/wp-json\/wp\/v2\/media?parent=2665"}],"curies":[{"name":"wp","href":"https:\/\/api.w.org\/{rel}","templated":true}]}}