{"id":31,"date":"2016-10-25T07:58:13","date_gmt":"2016-10-25T07:58:13","guid":{"rendered":"https:\/\/www.katranciparkhotel.com\/aktiviteler\/"},"modified":"2025-03-05T06:41:04","modified_gmt":"2025-03-05T06:41:04","slug":"aktiviteler","status":"publish","type":"page","link":"https:\/\/www.katranciparkhotel.com\/en\/aktiviteler\/","title":{"rendered":"Activities"},"content":{"rendered":"<div data-elementor-type=\"wp-page\" data-elementor-id=\"31\" class=\"elementor elementor-31\">\n\t\t\t\t<div class=\"elementor-element elementor-element-3356a953 e-grid e-con-boxed e-con e-parent\" data-id=\"3356a953\" data-element_type=\"container\">\n\t\t\t\t\t<div class=\"e-con-inner\">\n\t\t\t\t<div class=\"elementor-element elementor-element-6db6dab elementor-widget elementor-widget-image\" data-id=\"6db6dab\" data-element_type=\"widget\" data-widget_type=\"image.default\">\n\t\t\t\t<div class=\"elementor-widget-container\">\n\t\t\t\t\t\t\t\t\t\t\t\t\t\t\t<img fetchpriority=\"high\" decoding=\"async\" width=\"1000\" height=\"667\" src=\"https:\/\/www.katranciparkhotel.com\/wp-content\/uploads\/2025\/02\/e03cb1f44372de23ada75cf43b3ed35f.jpg\" class=\"attachment-large size-large wp-image-2557\" alt=\"\" srcset=\"https:\/\/www.katranciparkhotel.com\/wp-content\/uploads\/2025\/02\/e03cb1f44372de23ada75cf43b3ed35f.jpg 1000w, https:\/\/www.katranciparkhotel.com\/wp-content\/uploads\/2025\/02\/e03cb1f44372de23ada75cf43b3ed35f-300x200.jpg 300w, https:\/\/www.katranciparkhotel.com\/wp-content\/uploads\/2025\/02\/e03cb1f44372de23ada75cf43b3ed35f-768x512.jpg 768w\" sizes=\"(max-width: 1000px) 100vw, 1000px\" \/>\t\t\t\t\t\t\t\t\t\t\t\t\t\t\t<\/div>\n\t\t\t\t<\/div>\n\t\t\t\t<div class=\"elementor-element elementor-element-26f45ff3 elementor-widget elementor-widget-text-editor\" data-id=\"26f45ff3\" data-element_type=\"widget\" data-widget_type=\"text-editor.default\">\n\t\t\t\t<div class=\"elementor-widget-container\">\n\t\t\t\t\t\t\t\t\t<p><strong>FREE OF CHARGE SERVICES<\/strong><br \/>Wi-Fi<br \/>Volleyball<br \/>Table Tennis<br \/>Sunbed and Cushion<br \/>Beach Parasol<br \/><strong>Water Slide Working Hours<\/strong><br \/>Mixed Pool: 10:30 \u2013 11-30 \/ 14:30 \u2013 16:00<br \/>Ladies Pool: 11:30 \u2013 12:30 \/ 16:00 17:30<\/p>\t\t\t\t\t\t\t\t<\/div>\n\t\t\t\t<\/div>\n\t\t\t\t\t<\/div>\n\t\t\t\t<\/div>\n\t\t<div class=\"elementor-element elementor-element-80d1739 e-grid e-con-boxed e-con e-parent\" data-id=\"80d1739\" data-element_type=\"container\">\n\t\t\t\t\t<div class=\"e-con-inner\">\n\t\t\t\t<div class=\"elementor-element elementor-element-08e0473 elementor-widget elementor-widget-image\" data-id=\"08e0473\" data-element_type=\"widget\" data-widget_type=\"image.default\">\n\t\t\t\t<div class=\"elementor-widget-container\">\n\t\t\t\t\t\t\t\t\t\t\t\t\t\t\t<img decoding=\"async\" width=\"1000\" height=\"667\" src=\"https:\/\/www.katranciparkhotel.com\/wp-content\/uploads\/2025\/02\/ad3e5856776d61ca421cc42f20fd28c5.jpg\" class=\"attachment-large size-large wp-image-2553\" alt=\"\" srcset=\"https:\/\/www.katranciparkhotel.com\/wp-content\/uploads\/2025\/02\/ad3e5856776d61ca421cc42f20fd28c5.jpg 1000w, https:\/\/www.katranciparkhotel.com\/wp-content\/uploads\/2025\/02\/ad3e5856776d61ca421cc42f20fd28c5-300x200.jpg 300w, https:\/\/www.katranciparkhotel.com\/wp-content\/uploads\/2025\/02\/ad3e5856776d61ca421cc42f20fd28c5-768x512.jpg 768w\" sizes=\"(max-width: 1000px) 100vw, 1000px\" \/>\t\t\t\t\t\t\t\t\t\t\t\t\t\t\t<\/div>\n\t\t\t\t<\/div>\n\t\t\t\t<div class=\"elementor-element elementor-element-c187869 elementor-widget elementor-widget-text-editor\" data-id=\"c187869\" data-element_type=\"widget\" data-widget_type=\"text-editor.default\">\n\t\t\t\t<div class=\"elementor-widget-container\">\n\t\t\t\t\t\t\t\t\t<p><b>CHARGEABLE SERVICES<br \/><\/b>Billiards<br \/>Telephone and Fax Service<b><br \/><\/b>Laundry Service, Ironing<\/p>\t\t\t\t\t\t\t\t<\/div>\n\t\t\t\t<\/div>\n\t\t\t\t\t<\/div>\n\t\t\t\t<\/div>\n\t\t\t\t<\/div>","protected":false},"excerpt":{"rendered":"<p>\u00dcCRETS\u0130Z H\u0130ZMETLERKablosuz \u0130nternetVoleybolMasa Tenisi\u015eezlong ve MinderiG\u00fcne\u015f \u015eemsiyeleriSu Kayd\u0131ra\u011f\u0131 \u00c7al\u0131\u015fma SaatleriOrtak Havuz: 10:30 &#8211; 11-30 \/ 14:30 &#8211; 16:00Bayanlar Havuzu: 11:30 &#8211; 12:30 \/ 16:00 17:30 \u00dcCRETL\u0130 H\u0130ZMETLERBilardo,Telefon ve Fax Hizmetleri,\u00c7ama\u015f\u0131r Y\u0131kama ve \u00dct\u00fcleme Hizmetleri,<\/p>","protected":false},"author":1,"featured_media":0,"parent":0,"menu_order":0,"comment_status":"closed","ping_status":"closed","template":"","meta":{"site-sidebar-layout":"default","site-content-layout":"","ast-site-content-layout":"default","site-content-style":"default","site-sidebar-style":"default","ast-global-header-display":"","ast-banner-title-visibility":"","ast-main-header-display":"","ast-hfb-above-header-display":"","ast-hfb-below-header-display":"","ast-hfb-mobile-header-display":"","site-post-title":"","ast-breadcrumbs-content":"","ast-featured-img":"","footer-sml-layout":"","theme-transparent-header-meta":"","adv-header-id-meta":"","stick-header-meta":"","header-above-stick-meta":"","header-main-stick-meta":"","header-below-stick-meta":"","astra-migrate-meta-layouts":"set","ast-page-background-enabled":"default","ast-page-background-meta":{"desktop":{"background-color":"","background-image":"","background-repeat":"repeat","background-position":"center center","background-size":"auto","background-attachment":"scroll","background-type":"","background-media":"","overlay-type":"","overlay-color":"","overlay-opacity":"","overlay-gradient":""},"tablet":{"background-color":"","background-image":"","background-repeat":"repeat","background-position":"center center","background-size":"auto","background-attachment":"scroll","background-type":"","background-media":"","overlay-type":"","overlay-color":"","overlay-opacity":"","overlay-gradient":""},"mobile":{"background-color":"","background-image":"","background-repeat":"repeat","background-position":"center center","background-size":"auto","background-attachment":"scroll","background-type":"","background-media":"","overlay-type":"","overlay-color":"","overlay-opacity":"","overlay-gradient":""}},"ast-content-background-meta":{"desktop":{"background-color":"var(--ast-global-color-5)","background-image":"","background-repeat":"repeat","background-position":"center center","background-size":"auto","background-attachment":"scroll","background-type":"","background-media":"","overlay-type":"","overlay-color":"","overlay-opacity":"","overlay-gradient":""},"tablet":{"background-color":"var(--ast-global-color-5)","background-image":"","background-repeat":"repeat","background-position":"center center","background-size":"auto","background-attachment":"scroll","background-type":"","background-media":"","overlay-type":"","overlay-color":"","overlay-opacity":"","overlay-gradient":""},"mobile":{"background-color":"var(--ast-global-color-5)","background-image":"","background-repeat":"repeat","background-position":"center center","background-size":"auto","background-attachment":"scroll","background-type":"","background-media":"","overlay-type":"","overlay-color":"","overlay-opacity":"","overlay-gradient":""}},"footnotes":""},"class_list":["post-31","page","type-page","status-publish","hentry"],"_links":{"self":[{"href":"https:\/\/www.katranciparkhotel.com\/en\/wp-json\/wp\/v2\/pages\/31","targetHints":{"allow":["GET"]}}],"collection":[{"href":"https:\/\/www.katranciparkhotel.com\/en\/wp-json\/wp\/v2\/pages"}],"about":[{"href":"https:\/\/www.katranciparkhotel.com\/en\/wp-json\/wp\/v2\/types\/page"}],"author":[{"embeddable":true,"href":"https:\/\/www.katranciparkhotel.com\/en\/wp-json\/wp\/v2\/users\/1"}],"replies":[{"embeddable":true,"href":"https:\/\/www.katranciparkhotel.com\/en\/wp-json\/wp\/v2\/comments?post=31"}],"version-history":[{"count":13,"href":"https:\/\/www.katranciparkhotel.com\/en\/wp-json\/wp\/v2\/pages\/31\/revisions"}],"predecessor-version":[{"id":2726,"href":"https:\/\/www.katranciparkhotel.com\/en\/wp-json\/wp\/v2\/pages\/31\/revisions\/2726"}],"wp:attachment":[{"href":"https:\/\/www.katranciparkhotel.com\/en\/wp-json\/wp\/v2\/media?parent=31"}],"curies":[{"name":"wp","href":"https:\/\/api.w.org\/{rel}","templated":true}]}}