{"id":2665,"date":"2025-02-10T10:05:34","date_gmt":"2025-02-10T10:05:34","guid":{"rendered":"https:\/\/www.katranciparkhotel.com\/?page_id=2665"},"modified":"2025-03-11T06:12:37","modified_gmt":"2025-03-11T06:12:37","slug":"hakkimizda","status":"publish","type":"page","link":"https:\/\/www.katranciparkhotel.com\/ru\/hakkimizda\/","title":{"rendered":"\u041e \u043d\u0430\u0441"},"content":{"rendered":"<div data-elementor-type=\"wp-page\" data-elementor-id=\"2665\" class=\"elementor elementor-2665\">\n\t\t\t\t<div class=\"elementor-element elementor-element-7ef8b74c e-grid e-con-boxed e-con e-parent\" data-id=\"7ef8b74c\" data-element_type=\"container\">\n\t\t\t\t\t<div class=\"e-con-inner\">\n\t\t\t\t<div class=\"elementor-element elementor-element-83bf54b elementor-widget elementor-widget-image\" data-id=\"83bf54b\" data-element_type=\"widget\" data-widget_type=\"image.default\">\n\t\t\t\t<div class=\"elementor-widget-container\">\n\t\t\t\t\t\t\t\t\t\t\t\t\t\t\t<img fetchpriority=\"high\" decoding=\"async\" width=\"1024\" height=\"682\" src=\"https:\/\/www.katranciparkhotel.com\/wp-content\/uploads\/2025\/02\/0d91ee0844cf23160d8a6e97ccd70d5a.jpg\" class=\"attachment-large size-large wp-image-2563\" alt=\"\" srcset=\"https:\/\/www.katranciparkhotel.com\/wp-content\/uploads\/2025\/02\/0d91ee0844cf23160d8a6e97ccd70d5a.jpg 1024w, https:\/\/www.katranciparkhotel.com\/wp-content\/uploads\/2025\/02\/0d91ee0844cf23160d8a6e97ccd70d5a-300x200.jpg 300w, https:\/\/www.katranciparkhotel.com\/wp-content\/uploads\/2025\/02\/0d91ee0844cf23160d8a6e97ccd70d5a-768x512.jpg 768w\" sizes=\"(max-width: 1024px) 100vw, 1024px\" \/>\t\t\t\t\t\t\t\t\t\t\t\t\t\t\t<\/div>\n\t\t\t\t<\/div>\n\t\t\t\t<div class=\"elementor-element elementor-element-5f871934 elementor-widget elementor-widget-text-editor\" data-id=\"5f871934\" data-element_type=\"widget\" data-widget_type=\"text-editor.default\">\n\t\t\t\t<div class=\"elementor-widget-container\">\n\t\t\t\t\t\t\t\t\t\n<p style=\"text-align: justify;\">\u041e\u0442\u0435\u043b\u044c Katranc\u0131 Park \u0440\u0430\u0441\u043f\u043e\u043b\u043e\u0436\u0435\u043d \u043d\u0430 \u0431\u043e\u043b\u044c\u0448\u043e\u0439 \u0442\u0435\u0440\u0440\u0438\u0442\u043e\u0440\u0438\u0438 \u0441\u043e \u0432\u0441\u0435\u043c\u0438 \u043e\u0442\u0442\u0435\u043d\u043a\u0430\u043c\u0438 \u0437\u0435\u043b\u0435\u043d\u0438 \u0432 \u042f\u043d\u0438\u043a\u043b\u0430\u0440\u0435, \u0424\u0435\u0442\u0445\u0438\u0435.<\/p>\n\n<p style=\"text-align: justify;\">\u041d\u0430\u0448 \u043e\u0442\u0435\u043b\u044c, \u043e\u0442\u043a\u0440\u044b\u0442\u044b\u0439 \u0432 2007 \u0433\u043e\u0434\u0443, \u0441 2016 \u0433\u043e\u0434\u0430 \u043f\u0440\u0438\u0434\u0435\u0440\u0436\u0438\u0432\u0430\u0435\u0442\u0441\u044f \u043a\u043e\u043d\u0446\u0435\u043f\u0446\u0438\u0438 \u0431\u0435\u0437\u0430\u043b\u043a\u043e\u0433\u043e\u043b\u044c\u043d\u043e\u0433\u043e \u0441\u0435\u043c\u0435\u0439\u043d\u043e\u0433\u043e \u043e\u0442\u0435\u043b\u044f, \u0447\u0442\u043e\u0431\u044b \u043e\u0431\u0435\u0441\u043f\u0435\u0447\u0438\u0442\u044c \u0441\u043f\u043e\u043a\u043e\u0439\u043d\u044b\u0439 \u043e\u0442\u0434\u044b\u0445 \u0433\u043e\u0441\u0442\u044f\u043c, \u043f\u0440\u0435\u0434\u043f\u043e\u0447\u0438\u0442\u0430\u044e\u0449\u0438\u043c \u043a\u043e\u043d\u0441\u0435\u0440\u0432\u0430\u0442\u0438\u0432\u043d\u044b\u0435 \u043e\u0442\u0435\u043b\u0438.\u00a0<\/p>\n\n<p style=\"text-align: justify;\">\u041d\u0430\u0448\u0430 \u043a\u043e\u043d\u0446\u0435\u043f\u0446\u0438\u044f \u00ab\u0412\u0441\u0435 \u0432\u043a\u043b\u044e\u0447\u0435\u043d\u043e, \u0431\u0435\u0437 \u0430\u043b\u043a\u043e\u0433\u043e\u043b\u044f\u00bb \u043e\u0441\u043d\u043e\u0432\u044b\u0432\u0430\u0435\u0442\u0441\u044f \u043d\u0430 \u043f\u0440\u0438\u043d\u0446\u0438\u043f\u0430\u0445 \u043f\u0440\u0435\u0434\u043e\u0441\u0442\u0430\u0432\u043b\u0435\u043d\u0438\u044f \u043f\u0440\u043e\u0441\u0442\u043e\u0433\u043e \u0438 \u0432\u044b\u0441\u043e\u043a\u043e\u043a\u0430\u0447\u0435\u0441\u0442\u0432\u0435\u043d\u043d\u043e\u0433\u043e \u0441\u0435\u0440\u0432\u0438\u0441\u0430.<\/p>\n\t\t\t\t\t\t\t\t<\/div>\n\t\t\t\t<\/div>\n\t\t\t\t\t<\/div>\n\t\t\t\t<\/div>\n\t\t<div class=\"elementor-element elementor-element-1b6e06b e-grid e-con-boxed e-con e-parent\" data-id=\"1b6e06b\" data-element_type=\"container\">\n\t\t\t\t\t<div class=\"e-con-inner\">\n\t\t\t\t<div class=\"elementor-element elementor-element-cb31ac9 elementor-widget elementor-widget-image\" data-id=\"cb31ac9\" data-element_type=\"widget\" data-widget_type=\"image.default\">\n\t\t\t\t<div class=\"elementor-widget-container\">\n\t\t\t\t\t\t\t\t\t\t\t\t\t\t\t<img decoding=\"async\" width=\"600\" height=\"400\" src=\"https:\/\/www.katranciparkhotel.com\/wp-content\/uploads\/2025\/02\/0009_360cfdb695dc15aac6925f88ca2b5896.jpg\" class=\"attachment-large size-large wp-image-2506\" alt=\"\" srcset=\"https:\/\/www.katranciparkhotel.com\/wp-content\/uploads\/2025\/02\/0009_360cfdb695dc15aac6925f88ca2b5896.jpg 600w, https:\/\/www.katranciparkhotel.com\/wp-content\/uploads\/2025\/02\/0009_360cfdb695dc15aac6925f88ca2b5896-300x200.jpg 300w\" sizes=\"(max-width: 600px) 100vw, 600px\" \/>\t\t\t\t\t\t\t\t\t\t\t\t\t\t\t<\/div>\n\t\t\t\t<\/div>\n\t\t\t\t<div class=\"elementor-element elementor-element-38fd35d elementor-widget elementor-widget-text-editor\" data-id=\"38fd35d\" data-element_type=\"widget\" data-widget_type=\"text-editor.default\">\n\t\t\t\t<div class=\"elementor-widget-container\">\n\t\t\t\t\t\t\t\t\t<p style=\"text-align: justify;\">\u041d\u0430\u0448\u0438 \u043a\u043e\u0440\u043f\u0443\u0441\u0430 \u043f\u043e\u0441\u0442\u0440\u043e\u0435\u043d\u044b \u0432 \u0442\u0440\u0430\u0434\u0438\u0446\u0438\u043e\u043d\u043d\u043e\u043c \u0441\u0442\u0438\u043b\u0435 \u0430\u0440\u0445\u0438\u0442\u0435\u043a\u0442\u0443\u0440\u044b \u041c\u0443\u0493\u043b\u044b. \u041e\u0442\u0435\u043b\u044c \u0440\u0430\u0441\u043f\u043e\u043b\u043e\u0436\u0435\u043d \u0432 350 \u043c\u0435\u0442\u0440\u0430\u0445 \u043e\u0442 \u0441\u043e\u0431\u0441\u0442\u0432\u0435\u043d\u043d\u043e\u0433\u043e \u043f\u043b\u044f\u0436\u0430 \u0438 \u0438\u043c\u0435\u0435\u0442 2 \u0431\u0430\u0441\u0441\u0435\u0439\u043d\u0430. \u0416\u0435\u043d\u0441\u043a\u0438\u0439 \u0431\u0430\u0441\u0441\u0435\u0439\u043d \u043f\u043b\u043e\u0449\u0430\u0434\u044c\u044e 125 \u043c\u00b2, \u043e\u0442\u043a\u0440\u044b\u0442\u044b\u0439 \u0441\u0432\u0435\u0440\u0445\u0443 \u0438 \u043f\u043e\u043b\u043d\u043e\u0441\u0442\u044c\u044e \u043e\u0433\u043e\u0440\u043e\u0436\u0435\u043d\u043d\u044b\u0439. \u041e\u0431\u0449\u0438\u0439 \u0431\u0430\u0441\u0441\u0435\u0439\u043d \u0438\u043c\u0435\u0435\u0442 \u043f\u043b\u043e\u0449\u0430\u0434\u044c 310 \u043c\u00b2. \u0414\u043b\u044f \u0441\u043e\u0431\u043b\u044e\u0434\u0435\u043d\u0438\u044f \u043d\u0430\u0448\u0435\u0439 \u043a\u043e\u043d\u0446\u0435\u043f\u0446\u0438\u0438 \u0432 \u043e\u0431\u0449\u0438\u0445 \u0431\u0430\u0441\u0441\u0435\u0439\u043d\u0430\u0445 \u0435\u0441\u0442\u044c \u043f\u0440\u0430\u0432\u0438\u043b\u043e \u043f\u043e \u043f\u043e\u0432\u043e\u0434\u0443 \u043e\u0434\u0435\u0436\u0434\u044b \u0434\u043b\u044f \u043a\u0443\u043f\u0430\u043d\u0438\u044f.<\/p>\n<p><!-- \/wp:paragraph --><!-- wp:paragraph --><\/p>\n<p style=\"text-align: justify;\">\u041e\u0442\u0435\u043b\u044c \u043d\u0430\u0445\u043e\u0434\u0438\u0442\u0441\u044f \u0432 42 \u043a\u043c \u043e\u0442 \u0430\u044d\u0440\u043e\u043f\u043e\u0440\u0442\u0430 \u0414\u0430\u043b\u0430\u043c\u0430\u043d \u0438 \u0432 17 \u043a\u043c \u043e\u0442 \u0446\u0435\u043d\u0442\u0440\u0430 \u0424\u0435\u0442\u0445\u0438\u0435, \u043a\u0430\u0436\u0434\u044b\u0435 10 \u043c\u0438\u043d\u0443\u0442 \u043e\u0442 \u043e\u0442\u0435\u043b\u044f \u0434\u043e \u0446\u0435\u043d\u0442\u0440\u0430 \u0433\u043e\u0440\u043e\u0434\u0430 \u0445\u043e\u0434\u044f\u0442 \u043c\u0430\u0440\u0448\u0440\u0443\u0442\u043a\u0438.<\/p>\n<p><!-- \/wp:paragraph --><!-- wp:paragraph --><\/p>\n<p style=\"text-align: justify;\">\u0417\u0430\u0441\u0435\u043b\u0435\u043d\u0438\u0435 \u0432 \u043e\u0442\u0435\u043b\u044c \u043d\u0430\u0447\u0438\u043d\u0430\u0435\u0442\u0441\u044f \u0441 15:00, \u0432\u044b\u0435\u0437\u0434 \u2013 \u043d\u0435 \u043f\u043e\u0437\u0434\u043d\u0435\u0435 11:00. \u041f\u043e\u0437\u0434\u043d\u0438\u0439 \u0432\u044b\u0435\u0437\u0434 \u0432\u043e\u0437\u043c\u043e\u0436\u0435\u043d \u0437\u0430 \u0434\u043e\u043f\u043e\u043b\u043d\u0438\u0442\u0435\u043b\u044c\u043d\u0443\u044e \u043f\u043b\u0430\u0442\u0443 \u0432 \u0437\u0430\u0432\u0438\u0441\u0438\u043c\u043e\u0441\u0442\u0438 \u043e\u0442 \u0434\u043e\u0441\u0442\u0443\u043f\u043d\u043e\u0441\u0442\u0438.<\/p>\t\t\t\t\t\t\t\t<\/div>\n\t\t\t\t<\/div>\n\t\t\t\t\t<\/div>\n\t\t\t\t<\/div>\n\t\t\t\t<\/div>","protected":false},"excerpt":{"rendered":"<p>Katranc\u0131 Park Otel, Fethiye\u2019nin Yan\u0131klar mevkiinde, ye\u015filin her tonunu bar\u0131nd\u0131ran geni\u015f bir alan \u00fczerine kurulmu\u015ftur. 2007 y\u0131l\u0131nda hizmete a\u00e7\u0131lan otelimiz 2016\u2019dan bu yana muhafazakar otel tercih eden misafirlerin huzurlu bir tatil ge\u00e7irmelerini sa\u011flamak amac\u0131 ile Alkols\u00fcz Aile Oteli konseptinde hizmet vermektedir.\u00a0 Alkols\u00fcz Her \u015fey dahil konseptimizi sade ve y\u00fcksek kaliteli hizmet vermek prensipleri \u00fczerine olu\u015fturduk. [&hellip;]<\/p>","protected":false},"author":1,"featured_media":0,"parent":0,"menu_order":0,"comment_status":"closed","ping_status":"closed","template":"","meta":{"site-sidebar-layout":"default","site-content-layout":"","ast-site-content-layout":"default","site-content-style":"default","site-sidebar-style":"default","ast-global-header-display":"","ast-banner-title-visibility":"","ast-main-header-display":"","ast-hfb-above-header-display":"","ast-hfb-below-header-display":"","ast-hfb-mobile-header-display":"","site-post-title":"","ast-breadcrumbs-content":"","ast-featured-img":"","footer-sml-layout":"","theme-transparent-header-meta":"","adv-header-id-meta":"","stick-header-meta":"","header-above-stick-meta":"","header-main-stick-meta":"","header-below-stick-meta":"","astra-migrate-meta-layouts":"set","ast-page-background-enabled":"default","ast-page-background-meta":{"desktop":{"background-color":"","background-image":"","background-repeat":"repeat","background-position":"center center","background-size":"auto","background-attachment":"scroll","background-type":"","background-media":"","overlay-type":"","overlay-color":"","overlay-opacity":"","overlay-gradient":""},"tablet":{"background-color":"","background-image":"","background-repeat":"repeat","background-position":"center center","background-size":"auto","background-attachment":"scroll","background-type":"","background-media":"","overlay-type":"","overlay-color":"","overlay-opacity":"","overlay-gradient":""},"mobile":{"background-color":"","background-image":"","background-repeat":"repeat","background-position":"center center","background-size":"auto","background-attachment":"scroll","background-type":"","background-media":"","overlay-type":"","overlay-color":"","overlay-opacity":"","overlay-gradient":""}},"ast-content-background-meta":{"desktop":{"background-color":"var(--ast-global-color-5)","background-image":"","background-repeat":"repeat","background-position":"center center","background-size":"auto","background-attachment":"scroll","background-type":"","background-media":"","overlay-type":"","overlay-color":"","overlay-opacity":"","overlay-gradient":""},"tablet":{"background-color":"var(--ast-global-color-5)","background-image":"","background-repeat":"repeat","background-position":"center center","background-size":"auto","background-attachment":"scroll","background-type":"","background-media":"","overlay-type":"","overlay-color":"","overlay-opacity":"","overlay-gradient":""},"mobile":{"background-color":"var(--ast-global-color-5)","background-image":"","background-repeat":"repeat","background-position":"center center","background-size":"auto","background-attachment":"scroll","background-type":"","background-media":"","overlay-type":"","overlay-color":"","overlay-opacity":"","overlay-gradient":""}},"footnotes":""},"class_list":["post-2665","page","type-page","status-publish","hentry"],"_links":{"self":[{"href":"https:\/\/www.katranciparkhotel.com\/ru\/wp-json\/wp\/v2\/pages\/2665","targetHints":{"allow":["GET"]}}],"collection":[{"href":"https:\/\/www.katranciparkhotel.com\/ru\/wp-json\/wp\/v2\/pages"}],"about":[{"href":"https:\/\/www.katranciparkhotel.com\/ru\/wp-json\/wp\/v2\/types\/page"}],"author":[{"embeddable":true,"href":"https:\/\/www.katranciparkhotel.com\/ru\/wp-json\/wp\/v2\/users\/1"}],"replies":[{"embeddable":true,"href":"https:\/\/www.katranciparkhotel.com\/ru\/wp-json\/wp\/v2\/comments?post=2665"}],"version-history":[{"count":17,"href":"https:\/\/www.katranciparkhotel.com\/ru\/wp-json\/wp\/v2\/pages\/2665\/revisions"}],"predecessor-version":[{"id":2740,"href":"https:\/\/www.katranciparkhotel.com\/ru\/wp-json\/wp\/v2\/pages\/2665\/revisions\/2740"}],"wp:attachment":[{"href":"https:\/\/www.katranciparkhotel.com\/ru\/wp-json\/wp\/v2\/media?parent=2665"}],"curies":[{"name":"wp","href":"https:\/\/api.w.org\/{rel}","templated":true}]}}